{"id":69,"date":"2021-01-26T05:49:04","date_gmt":"2021-01-26T05:49:04","guid":{"rendered":"https:\/\/cidoc-data.org\/?page_id=69"},"modified":"2021-01-26T07:38:58","modified_gmt":"2021-01-26T07:38:58","slug":"","status":"publish","type":"page","link":"https:\/\/cidoc-data.org\/es\/working-groups","title":{"rendered":"Grupos de Trabajo","raw":"Grupos de Trabajo"},"content":{"rendered":"\n<p>\u00a1CIDOC se enorgullece de hacer las cosas!<\/p>\n\n\n\n<p>La mayor parte del trabajo ocurre en los Grupos de Trabajo del CIDOC.<\/p>\n\n\n\n<p>Estos se crean para abordar temas particulares o \u00e1reas de inter\u00e9s y se disuelven nuevamente una vez que se ha tratado el tema o ya no hay participantes interesados en un \u00e1rea.<\/p>\n\n\n\n<table id=\"tablepress-1-no-2\" class=\"tablepress tablepress-id-1\">\n<thead>\n<tr class=\"row-1\">\n\t<th class=\"column-1\">Working Group Name<\/th><th class=\"column-2\">Year Formed<\/th><th class=\"column-3\">Year Ended<\/th><th class=\"column-4\">Current Chair(s)<\/th><th class=\"column-5\">Current Secretary<\/th>\n<\/tr>\n<\/thead>\n<tbody class=\"row-striping row-hover\">\n<tr class=\"row-2\">\n\t<td class=\"column-1\"><a href=\"https:\/\/cidoc-data.org\/?page_id=130\">Archaeology Sites Working Group<\/a><\/td><td class=\"column-2\">1992<\/td><td class=\"column-3\"><\/td><td class=\"column-4\">Stephen Stead<\/td><td class=\"column-5\">Phil Carlisle<\/td>\n<\/tr>\n<tr class=\"row-3\">\n\t<td class=\"column-1\">Co-reference<\/td><td class=\"column-2\">2007<\/td><td class=\"column-3\"><\/td><td class=\"column-4\">Mika Nyman<\/td><td class=\"column-5\"><\/td>\n<\/tr>\n<tr class=\"row-4\">\n\t<td class=\"column-1\">Conceptual Reference Model <\/td><td class=\"column-2\">2000<\/td><td class=\"column-3\"><\/td><td class=\"column-4\">Martin Doerr<br \/>\nGeorge Bruseker<br \/>\nDominic Oldman<br \/>\nChristian-Emil Ore<\/td><td class=\"column-5\">Xrysoula Bekiari <\/td>\n<\/tr>\n<tr class=\"row-5\">\n\t<td class=\"column-1\">Digital preservation<\/td><td class=\"column-2\"><\/td><td class=\"column-3\"><\/td><td class=\"column-4\">Susanne Nickel<\/td><td class=\"column-5\"><\/td>\n<\/tr>\n<tr class=\"row-6\">\n\t<td class=\"column-1\">Digital strategy development<\/td><td class=\"column-2\">2018<\/td><td class=\"column-3\"><\/td><td class=\"column-4\">Jan Behrendt<br \/>\nKriszti\u00e1n Fonyodi<\/td><td class=\"column-5\"><\/td>\n<\/tr>\n<tr class=\"row-7\">\n\t<td class=\"column-1\"><a href=\"https:\/\/cidoc-data.org\/?page_id=577\">Documentation Standards Working Group<\/a><\/td><td class=\"column-2\">1990<\/td><td class=\"column-3\"><\/td><td class=\"column-4\">Maija Ekosaari<br \/>\nRupert Shepherd<\/td><td class=\"column-5\"><\/td>\n<\/tr>\n<tr class=\"row-8\">\n\t<td class=\"column-1\">DOMINO<\/td><td class=\"column-2\">2018<\/td><td class=\"column-3\"><\/td><td class=\"column-4\">Trilce Navarrete<\/td><td class=\"column-5\"><\/td>\n<\/tr>\n<tr class=\"row-9\">\n\t<td class=\"column-1\">Exhibition and Performance Documentation<\/td><td class=\"column-2\">2015<\/td><td class=\"column-3\"><\/td><td class=\"column-4\">Alexandre Matos<\/td><td class=\"column-5\"><\/td>\n<\/tr>\n<tr class=\"row-10\">\n\t<td class=\"column-1\">Information Centres<\/td><td class=\"column-2\">1985<\/td><td class=\"column-3\"><\/td><td class=\"column-4\">Monika Hagedorn-Saupe<br \/>\nGordon McKenna<\/td><td class=\"column-5\"><\/td>\n<\/tr>\n<tr class=\"row-11\">\n\t<td class=\"column-1\">Intangible Cultural Heritage<\/td><td class=\"column-2\">2014<\/td><td class=\"column-3\"><\/td><td class=\"column-4\">Manvi Seth<\/td><td class=\"column-5\"><\/td>\n<\/tr>\n<tr class=\"row-12\">\n\t<td class=\"column-1\"><a href=\"https:\/\/cidoc-data.org\/?page_id=1195\">LIDO Working Group<\/a><\/td><td class=\"column-2\">2008<\/td><td class=\"column-3\"><\/td><td class=\"column-4\">Regine Stein<\/td><td class=\"column-5\"><\/td>\n<\/tr>\n<tr class=\"row-13\">\n\t<td class=\"column-1\">Linkedart<\/td><td class=\"column-2\"><\/td><td class=\"column-3\"><\/td><td class=\"column-4\">Emmanuelle Delmas-Glass<br \/>\nDr Robert Sanderson<br \/>\nDr Athanasios Velios<\/td><td class=\"column-5\"><\/td>\n<\/tr>\n<tr class=\"row-14\">\n\t<td class=\"column-1\">Museum Process Implementation<\/td><td class=\"column-2\">2013<\/td><td class=\"column-3\"><\/td><td class=\"column-4\">Walter Koch<\/td><td class=\"column-5\"><\/td>\n<\/tr>\n<tr class=\"row-15\">\n\t<td class=\"column-1\">Semantic Research Environments<\/td><td class=\"column-2\">2012<\/td><td class=\"column-3\"><\/td><td class=\"column-4\">Mark Fichtner<\/td><td class=\"column-5\"><\/td>\n<\/tr>\n<\/tbody>\n<\/table>\n\n<h3>Related Images:<\/h3>","protected":false,"raw":"<!-- wp:paragraph -->\n<p>\u00a1CIDOC se enorgullece de hacer las cosas!<\/p>\n<!-- \/wp:paragraph -->\n\n<!-- wp:paragraph -->\n<p>La mayor parte del trabajo ocurre en los Grupos de Trabajo del CIDOC.<\/p>\n<!-- \/wp:paragraph -->\n\n<!-- wp:paragraph -->\n<p>Estos se crean para abordar temas particulares o \u00e1reas de inter\u00e9s y se disuelven nuevamente una vez que se ha tratado el tema o ya no hay participantes interesados en un \u00e1rea.<\/p>\n<!-- \/wp:paragraph -->\n\n<!-- wp:shortcode -->\n[table id=1 \/]\n<!-- \/wp:shortcode -->"},"excerpt":{"rendered":"","protected":false,"raw":""},"author":1,"featured_media":0,"parent":0,"menu_order":0,"comment_status":"closed","ping_status":"closed","template":"","meta":{"_bbp_topic_count":0,"_bbp_reply_count":0,"_bbp_total_topic_count":0,"_bbp_total_reply_count":0,"_bbp_voice_count":0,"_bbp_anonymous_reply_count":0,"_bbp_topic_count_hidden":0,"_bbp_reply_count_hidden":0,"_bbp_forum_subforum_count":0,"_en_post_content":"<!-- wp:paragraph -->\n<p>CIDOC prides itself on getting things done!<\/p>\n<!-- \/wp:paragraph -->\n\n<!-- wp:paragraph -->\n<p>Most of the work occurs in the CIDOC Working Groups.<\/p>\n<!-- \/wp:paragraph -->\n\n<!-- wp:paragraph -->\n<p>These are created to tackle particular issues or areas of interest and are dissolved again once the issue has been dealt with or there are no longer participants interested in an area.<\/p>\n<!-- \/wp:paragraph -->\n\n<!-- wp:shortcode -->\n[table id=1 \/]\n<!-- \/wp:shortcode -->","_en_post_name":"working-groups","_en_post_excerpt":"","_en_post_title":"Working Groups","_fr_post_content":"<!-- wp:paragraph -->\n<p>CIDOC est fier de faire avancer les choses!<\/p>\n<!-- \/wp:paragraph -->\n\n<!-- wp:paragraph -->\n<p>La plupart des travaux ont lieu dans les groupes de travail du CIDOC.<\/p>\n<!-- \/wp:paragraph -->\n\n<!-- wp:paragraph -->\n<p>Ceux-ci sont cr\u00e9\u00e9s pour aborder des questions ou des domaines d'int\u00e9r\u00eat particuliers et sont \u00e0 nouveau dissous une fois que le probl\u00e8me a \u00e9t\u00e9 trait\u00e9 ou qu'il n'y a plus de participants int\u00e9ress\u00e9s par un domaine.<\/p>\n<!-- \/wp:paragraph -->\n\n<!-- wp:shortcode -->\n[table id=2 \/]\n<!-- \/wp:shortcode -->","_fr_post_name":"","_fr_post_excerpt":"","_fr_post_title":"Groupes Travail ","_es_post_content":"<!-- wp:paragraph -->\n<p>\u00a1CIDOC se enorgullece de hacer las cosas!<\/p>\n<!-- \/wp:paragraph -->\n\n<!-- wp:paragraph -->\n<p>La mayor parte del trabajo ocurre en los Grupos de Trabajo del CIDOC.<\/p>\n<!-- \/wp:paragraph -->\n\n<!-- wp:paragraph -->\n<p>Estos se crean para abordar temas particulares o \u00e1reas de inter\u00e9s y se disuelven nuevamente una vez que se ha tratado el tema o ya no hay participantes interesados en un \u00e1rea.<\/p>\n<!-- \/wp:paragraph -->\n\n<!-- wp:shortcode -->\n[table id=1 \/]\n<!-- \/wp:shortcode -->","_es_post_name":"","_es_post_excerpt":"","_es_post_title":"Grupos de Trabajo","edit_language":"es","ngg_post_thumbnail":0,"footnotes":""},"class_list":["post-69","page","type-page","status-publish","hentry"],"yoast_head":"<!-- This site is optimized with the Yoast SEO plugin v27.4 - https:\/\/yoast.com\/product\/yoast-seo-wordpress\/ -->\n<title>Working Groups - CIDOC File Repository<\/title>\n<meta name=\"robots\" content=\"index, follow, max-snippet:-1, max-image-preview:large, max-video-preview:-1\" \/>\n<link rel=\"canonical\" href=\"https:\/\/cidoc-data.org\/working-groups\" \/>\n<meta property=\"og:locale\" content=\"es_ES\" \/>\n<meta property=\"og:type\" content=\"article\" \/>\n<meta property=\"og:title\" content=\"Working Groups - CIDOC File Repository\" \/>\n<meta property=\"og:description\" content=\"CIDOC prides itself on getting things done! Most of the work occurs in the CIDOC Working Groups. These are created to tackle particular issues or areas of interest and are dissolved again once the issue has been dealt with or there are no longer participants interested in an area. Related Images:\" \/>\n<meta property=\"og:url\" content=\"https:\/\/cidoc-data.org\/working-groups\" \/>\n<meta property=\"og:site_name\" content=\"CIDOC File Repository\" \/>\n<meta property=\"article:publisher\" content=\"https:\/\/www.facebook.com\/icom.cidoc\/\" \/>\n<meta property=\"article:modified_time\" content=\"2021-01-26T07:38:58+00:00\" \/>\n<meta name=\"twitter:card\" content=\"summary_large_image\" \/>\n<meta name=\"twitter:site\" content=\"@icomCIDOC\" \/>\n<meta name=\"twitter:label1\" content=\"Tiempo de lectura\" \/>\n\t<meta name=\"twitter:data1\" content=\"1 minute\" \/>\n<script type=\"application\/ld+json\" class=\"yoast-schema-graph\">{\"@context\":\"https:\\\/\\\/schema.org\",\"@graph\":[{\"@type\":\"WebPage\",\"@id\":\"https:\\\/\\\/cidoc-data.org\\\/working-groups\",\"url\":\"https:\\\/\\\/cidoc-data.org\\\/working-groups\",\"name\":\"Working Groups - CIDOC File Repository\",\"isPartOf\":{\"@id\":\"https:\\\/\\\/cidoc-data.org\\\/#website\"},\"datePublished\":\"2021-01-26T05:49:04+00:00\",\"dateModified\":\"2021-01-26T07:38:58+00:00\",\"breadcrumb\":{\"@id\":\"https:\\\/\\\/cidoc-data.org\\\/working-groups#breadcrumb\"},\"inLanguage\":\"es-ES\",\"potentialAction\":[{\"@type\":\"ReadAction\",\"target\":[\"https:\\\/\\\/cidoc-data.org\\\/working-groups\"]}]},{\"@type\":\"BreadcrumbList\",\"@id\":\"https:\\\/\\\/cidoc-data.org\\\/working-groups#breadcrumb\",\"itemListElement\":[{\"@type\":\"ListItem\",\"position\":1,\"name\":\"Home\",\"item\":\"https:\\\/\\\/cidoc-data.org\\\/\"},{\"@type\":\"ListItem\",\"position\":2,\"name\":\"Working Groups\"}]},{\"@type\":\"WebSite\",\"@id\":\"https:\\\/\\\/cidoc-data.org\\\/#website\",\"url\":\"https:\\\/\\\/cidoc-data.org\\\/\",\"name\":\"CIDOC File Repository\",\"description\":\"Museum Documentation for everybody\",\"publisher\":{\"@id\":\"https:\\\/\\\/cidoc-data.org\\\/#organization\"},\"potentialAction\":[{\"@type\":\"SearchAction\",\"target\":{\"@type\":\"EntryPoint\",\"urlTemplate\":\"https:\\\/\\\/cidoc-data.org\\\/?s={search_term_string}\"},\"query-input\":{\"@type\":\"PropertyValueSpecification\",\"valueRequired\":true,\"valueName\":\"search_term_string\"}}],\"inLanguage\":\"es-ES\"},{\"@type\":\"Organization\",\"@id\":\"https:\\\/\\\/cidoc-data.org\\\/#organization\",\"name\":\"CIDOC\",\"url\":\"https:\\\/\\\/cidoc-data.org\\\/\",\"logo\":{\"@type\":\"ImageObject\",\"inLanguage\":\"es-ES\",\"@id\":\"https:\\\/\\\/cidoc-data.org\\\/#\\\/schema\\\/logo\\\/image\\\/\",\"url\":\"https:\\\/\\\/i1.wp.com\\\/cidoc-data.org\\\/wp-content\\\/uploads\\\/2021\\\/01\\\/M-Logo.png?fit=149%2C149&ssl=1\",\"contentUrl\":\"https:\\\/\\\/i1.wp.com\\\/cidoc-data.org\\\/wp-content\\\/uploads\\\/2021\\\/01\\\/M-Logo.png?fit=149%2C149&ssl=1\",\"width\":149,\"height\":149,\"caption\":\"CIDOC\"},\"image\":{\"@id\":\"https:\\\/\\\/cidoc-data.org\\\/#\\\/schema\\\/logo\\\/image\\\/\"},\"sameAs\":[\"https:\\\/\\\/www.facebook.com\\\/icom.cidoc\\\/\",\"https:\\\/\\\/x.com\\\/icomCIDOC\",\"http:\\\/\\\/www.linkedin.com\\\/groups\\\/811107\",\"https:\\\/\\\/www.youtube.com\\\/channel\\\/UC3a6PWO8sLCGUE-w91rQGFQ\",\"https:\\\/\\\/en.wikipedia.org\\\/wiki\\\/International_Council_of_Museums\"]}]}<\/script>\n<!-- \/ Yoast SEO plugin. -->","yoast_head_json":{"title":"Working Groups - CIDOC File Repository","robots":{"index":"index","follow":"follow","max-snippet":"max-snippet:-1","max-image-preview":"max-image-preview:large","max-video-preview":"max-video-preview:-1"},"canonical":"https:\/\/cidoc-data.org\/working-groups","og_locale":"es_ES","og_type":"article","og_title":"Working Groups - CIDOC File Repository","og_description":"CIDOC prides itself on getting things done! Most of the work occurs in the CIDOC Working Groups. These are created to tackle particular issues or areas of interest and are dissolved again once the issue has been dealt with or there are no longer participants interested in an area. Related Images:","og_url":"https:\/\/cidoc-data.org\/working-groups","og_site_name":"CIDOC File Repository","article_publisher":"https:\/\/www.facebook.com\/icom.cidoc\/","article_modified_time":"2021-01-26T07:38:58+00:00","twitter_card":"summary_large_image","twitter_site":"@icomCIDOC","twitter_misc":{"Tiempo de lectura":"1 minute"},"schema":{"@context":"https:\/\/schema.org","@graph":[{"@type":"WebPage","@id":"https:\/\/cidoc-data.org\/working-groups","url":"https:\/\/cidoc-data.org\/working-groups","name":"Working Groups - CIDOC File Repository","isPartOf":{"@id":"https:\/\/cidoc-data.org\/#website"},"datePublished":"2021-01-26T05:49:04+00:00","dateModified":"2021-01-26T07:38:58+00:00","breadcrumb":{"@id":"https:\/\/cidoc-data.org\/working-groups#breadcrumb"},"inLanguage":"es-ES","potentialAction":[{"@type":"ReadAction","target":["https:\/\/cidoc-data.org\/working-groups"]}]},{"@type":"BreadcrumbList","@id":"https:\/\/cidoc-data.org\/working-groups#breadcrumb","itemListElement":[{"@type":"ListItem","position":1,"name":"Home","item":"https:\/\/cidoc-data.org\/"},{"@type":"ListItem","position":2,"name":"Working Groups"}]},{"@type":"WebSite","@id":"https:\/\/cidoc-data.org\/#website","url":"https:\/\/cidoc-data.org\/","name":"CIDOC File Repository","description":"Museum Documentation for everybody","publisher":{"@id":"https:\/\/cidoc-data.org\/#organization"},"potentialAction":[{"@type":"SearchAction","target":{"@type":"EntryPoint","urlTemplate":"https:\/\/cidoc-data.org\/?s={search_term_string}"},"query-input":{"@type":"PropertyValueSpecification","valueRequired":true,"valueName":"search_term_string"}}],"inLanguage":"es-ES"},{"@type":"Organization","@id":"https:\/\/cidoc-data.org\/#organization","name":"CIDOC","url":"https:\/\/cidoc-data.org\/","logo":{"@type":"ImageObject","inLanguage":"es-ES","@id":"https:\/\/cidoc-data.org\/#\/schema\/logo\/image\/","url":"https:\/\/i1.wp.com\/cidoc-data.org\/wp-content\/uploads\/2021\/01\/M-Logo.png?fit=149%2C149&ssl=1","contentUrl":"https:\/\/i1.wp.com\/cidoc-data.org\/wp-content\/uploads\/2021\/01\/M-Logo.png?fit=149%2C149&ssl=1","width":149,"height":149,"caption":"CIDOC"},"image":{"@id":"https:\/\/cidoc-data.org\/#\/schema\/logo\/image\/"},"sameAs":["https:\/\/www.facebook.com\/icom.cidoc\/","https:\/\/x.com\/icomCIDOC","http:\/\/www.linkedin.com\/groups\/811107","https:\/\/www.youtube.com\/channel\/UC3a6PWO8sLCGUE-w91rQGFQ","https:\/\/en.wikipedia.org\/wiki\/International_Council_of_Museums"]}]}},"jetpack_sharing_enabled":true,"_links":{"self":[{"href":"https:\/\/cidoc-data.org\/es\/wp-json\/wp\/v2\/pages\/69","targetHints":{"allow":["GET"]}}],"collection":[{"href":"https:\/\/cidoc-data.org\/es\/wp-json\/wp\/v2\/pages"}],"about":[{"href":"https:\/\/cidoc-data.org\/es\/wp-json\/wp\/v2\/types\/page"}],"author":[{"embeddable":true,"href":"https:\/\/cidoc-data.org\/es\/wp-json\/wp\/v2\/users\/1"}],"replies":[{"embeddable":true,"href":"https:\/\/cidoc-data.org\/es\/wp-json\/wp\/v2\/comments?post=69"}],"version-history":[{"count":0,"href":"https:\/\/cidoc-data.org\/es\/wp-json\/wp\/v2\/pages\/69\/revisions"}],"wp:attachment":[{"href":"https:\/\/cidoc-data.org\/es\/wp-json\/wp\/v2\/media?parent=69"}],"curies":[{"name":"wp","href":"https:\/\/api.w.org\/{rel}","templated":true}]}}