{"id":4,"date":"2021-01-24T12:52:30","date_gmt":"2021-01-24T12:52:30","guid":{"rendered":"https:\/\/cidoc-data.org\/welcome-to-https-cidoc-data-org"},"modified":"2021-01-26T06:56:47","modified_gmt":"2021-01-26T06:56:47","slug":"","status":"publish","type":"page","link":"https:\/\/cidoc-data.org\/fr\/","title":{"rendered":"Bienvenue dans le r\u00e9f\u00e9rentiel de fichiers CIDOC","raw":"Bienvenue dans le r\u00e9f\u00e9rentiel de fichiers CIDOC"},"content":{"rendered":"\n<p>Il s\u2019appelle CIDOC et non pas ICDOC car les membres fondateurs \u00e9taient majoritairement francophones et l\u2019ont ainsi baptis\u00e9 \u00ab Comit\u00e9 International pour la documentation \u00bb. Comme le monde est devenu de plus en plus anglophone et que la langue courante du comit\u00e9 est aujourd\u2019hui l\u2019anglais, on l\u2019appelle de facto \u00ab the International Committee for Documentation \u00bb.<\/p>\n\n\n\n<p>Ce site est le r\u00e9f\u00e9rentiel des fichiers g\u00e9n\u00e9r\u00e9s par CIDOC. Tous les fichiers sont ferm\u00e9s: c&#8217;est-\u00e0-dire qu&#8217;aucune modification ne sera effectu\u00e9e sur eux et ils peuvent \u00eatre consid\u00e9r\u00e9s comme complets et r\u00e9f\u00e9ren\u00e7ables. Cela ne veut pas dire que ce sont toutes des versions finales du travail, certaines sont des versions pr\u00e9liminaires qui ont \u00e9t\u00e9 ou seront d\u00e9velopp\u00e9es plus avant. L&#8217;intention est de permettre \u00e0 la communaut\u00e9 d&#8217;acc\u00e9der \u00e0 ces versions pr\u00e9liminaires pr\u00e9c\u00e9dentes.<\/p>\n\n\n\n<p>Les copies de travail actuelles des documents qui sont activement mis \u00e0 jour sont conserv\u00e9es dans un syst\u00e8me de gestion des documents distinct qui offre des fonctions de sortie \/ enregistrement pour \u00e9viter les probl\u00e8mes d&#8217;\u00e9dition parall\u00e8le.<\/p>\n\n\n\n<p>S&#8217;amuser!<\/p>\n<h3>Related Images:<\/h3>","protected":false,"raw":"<!-- wp:paragraph -->\n<p>Il s\u2019appelle CIDOC et non pas ICDOC car les membres fondateurs \u00e9taient majoritairement francophones et l\u2019ont ainsi baptis\u00e9 \u00ab Comit\u00e9 International pour la documentation \u00bb. Comme le monde est devenu de plus en plus anglophone et que la langue courante du comit\u00e9 est aujourd\u2019hui l\u2019anglais, on l\u2019appelle de facto \u00ab the International Committee for Documentation \u00bb.<\/p>\n<!-- \/wp:paragraph -->\n\n<!-- wp:paragraph -->\n<p>Ce site est le r\u00e9f\u00e9rentiel des fichiers g\u00e9n\u00e9r\u00e9s par CIDOC. Tous les fichiers sont ferm\u00e9s: c'est-\u00e0-dire qu'aucune modification ne sera effectu\u00e9e sur eux et ils peuvent \u00eatre consid\u00e9r\u00e9s comme complets et r\u00e9f\u00e9ren\u00e7ables. Cela ne veut pas dire que ce sont toutes des versions finales du travail, certaines sont des versions pr\u00e9liminaires qui ont \u00e9t\u00e9 ou seront d\u00e9velopp\u00e9es plus avant. L'intention est de permettre \u00e0 la communaut\u00e9 d'acc\u00e9der \u00e0 ces versions pr\u00e9liminaires pr\u00e9c\u00e9dentes.<\/p>\n<!-- \/wp:paragraph -->\n\n<!-- wp:paragraph -->\n<p>Les copies de travail actuelles des documents qui sont activement mis \u00e0 jour sont conserv\u00e9es dans un syst\u00e8me de gestion des documents distinct qui offre des fonctions de sortie \/ enregistrement pour \u00e9viter les probl\u00e8mes d'\u00e9dition parall\u00e8le.<\/p>\n<!-- \/wp:paragraph -->\n\n<!-- wp:paragraph -->\n<p>S'amuser!<\/p>\n<!-- \/wp:paragraph -->"},"excerpt":{"rendered":"","protected":false,"raw":""},"author":1,"featured_media":0,"parent":0,"menu_order":0,"comment_status":"closed","ping_status":"open","template":"","meta":{"_bbp_topic_count":0,"_bbp_reply_count":0,"_bbp_total_topic_count":0,"_bbp_total_reply_count":0,"_bbp_voice_count":0,"_bbp_anonymous_reply_count":0,"_bbp_topic_count_hidden":0,"_bbp_reply_count_hidden":0,"_bbp_forum_subforum_count":0,"_en_post_content":"<!-- wp:paragraph -->\n<p>CIDOC is one of the 30 International committees of ICOM. It is CIDOC rather than ICDOC because the committee was at its inception guided by mostly Francophones (French speakers) who named it the Comit\u00e9 International pour la Documentation. As the world has become more Anglophone (English speaking) the lingua franca of the committee has become English, and the de facto name of the committee has become the International Committee for Documentation.<\/p>\n<!-- \/wp:paragraph -->\n\n<!-- wp:paragraph -->\n<p>This site is the repository of the files generated by CIDOC. All the files are closed: that is that no edits will be performed on them and they can be regarded as complete and referenceable. This does not mean that they are all final versions of work, some are draft versions that have been or will be further developed. The intent is to allow community access to these previous draft versions.<\/p>\n<!-- \/wp:paragraph -->\n\n<!-- wp:paragraph -->\n<p>Current working copies of documents that are being actively updated are maintained in a separate Document Management System that provides check-out\/check-in facilities to avoid parallel editing problems.<\/p>\n<!-- \/wp:paragraph -->\n\n<!-- wp:paragraph -->\n<p>Have fun!<\/p>\n<!-- \/wp:paragraph -->","_en_post_name":"welcome-to-https-cidoc-data-org","_en_post_excerpt":"","_en_post_title":"Welcome to the CIDOC File Repository","_fr_post_content":"<!-- wp:paragraph -->\n<p>Il s\u2019appelle CIDOC et non pas ICDOC car les membres fondateurs \u00e9taient majoritairement francophones et l\u2019ont ainsi baptis\u00e9 \u00ab Comit\u00e9 International pour la documentation \u00bb. Comme le monde est devenu de plus en plus anglophone et que la langue courante du comit\u00e9 est aujourd\u2019hui l\u2019anglais, on l\u2019appelle de facto \u00ab the International Committee for Documentation \u00bb.<\/p>\n<!-- \/wp:paragraph -->\n\n<!-- wp:paragraph -->\n<p>Ce site est le r\u00e9f\u00e9rentiel des fichiers g\u00e9n\u00e9r\u00e9s par CIDOC. Tous les fichiers sont ferm\u00e9s: c'est-\u00e0-dire qu'aucune modification ne sera effectu\u00e9e sur eux et ils peuvent \u00eatre consid\u00e9r\u00e9s comme complets et r\u00e9f\u00e9ren\u00e7ables. Cela ne veut pas dire que ce sont toutes des versions finales du travail, certaines sont des versions pr\u00e9liminaires qui ont \u00e9t\u00e9 ou seront d\u00e9velopp\u00e9es plus avant. L'intention est de permettre \u00e0 la communaut\u00e9 d'acc\u00e9der \u00e0 ces versions pr\u00e9liminaires pr\u00e9c\u00e9dentes.<\/p>\n<!-- \/wp:paragraph -->\n\n<!-- wp:paragraph -->\n<p>Les copies de travail actuelles des documents qui sont activement mis \u00e0 jour sont conserv\u00e9es dans un syst\u00e8me de gestion des documents distinct qui offre des fonctions de sortie \/ enregistrement pour \u00e9viter les probl\u00e8mes d'\u00e9dition parall\u00e8le.<\/p>\n<!-- \/wp:paragraph -->\n\n<!-- wp:paragraph -->\n<p>S'amuser!<\/p>\n<!-- \/wp:paragraph -->","_fr_post_name":"","_fr_post_excerpt":"","_fr_post_title":"Bienvenue dans le r\u00e9f\u00e9rentiel de fichiers CIDOC","_es_post_content":"<!-- wp:paragraph -->\n<p>El acr\u00f3nimo es CIDOC en lugar de ICDOC porque el Comit\u00e9 fue, en su inicio, creado por una mayor\u00eda de profesionales franc\u00f3fonos que lo nombr\u00f3 \u201cComit\u00e9 International pour la Documentation\u201d. A medida que el mundo se ha vuelto m\u00e1s angl\u00f3fono, la&nbsp;<em>lingua franca<\/em>&nbsp;del comit\u00e9 ha pasado al ingl\u00e9s y su nombre se ha convertido en \u201cInternational Committee for Documentation\u201d.<\/p>\n<!-- \/wp:paragraph -->\n\n<!-- wp:paragraph -->\n<p>Este sitio es el repositorio de los archivos generados por CIDOC. Todos los archivos est\u00e1n cerrados: es decir, no se realizar\u00e1n modificaciones en ellos y se pueden considerar completos y referenciables. Esto no significa que todas sean versiones finales del trabajo, algunas son versiones preliminares que se han desarrollado o se seguir\u00e1n desarrollando. La intenci\u00f3n es permitir el acceso de la comunidad a estas versiones preliminares anteriores.<\/p>\n<!-- \/wp:paragraph -->\n\n<!-- wp:paragraph -->\n<p>Las copias de trabajo actuales de los documentos que se est\u00e1n actualizando activamente se mantienen en un Sistema de Gesti\u00f3n de Documentos separado que proporciona funciones de salida \/ registro para evitar problemas de edici\u00f3n paralela.<\/p>\n<!-- \/wp:paragraph -->\n\n<!-- wp:paragraph -->\n<p>\u00a1Que te diviertas!<\/p>\n<!-- \/wp:paragraph -->","_es_post_name":"","_es_post_excerpt":"","_es_post_title":"Bienvenido al repositorio de archivos CIDOC","edit_language":"fr","ngg_post_thumbnail":0,"footnotes":""},"class_list":["post-4","page","type-page","status-publish","hentry"],"yoast_head":"<!-- This site is optimized with the Yoast SEO plugin v27.4 - https:\/\/yoast.com\/product\/yoast-seo-wordpress\/ -->\n<title>Welcome to the CIDOC File Repository - CIDOC File Repository<\/title>\n<meta name=\"description\" content=\"P\u00e1gina de apertura del repositorio de archivos CIDOC -\" \/>\n<meta name=\"robots\" content=\"index, follow, max-snippet:-1, max-image-preview:large, max-video-preview:-1\" \/>\n<link rel=\"canonical\" href=\"https:\/\/cidoc-data.org\/\" \/>\n<meta property=\"og:locale\" content=\"fr_FR\" \/>\n<meta property=\"og:type\" content=\"article\" \/>\n<meta property=\"og:title\" content=\"Welcome to the CIDOC File Repository - CIDOC File Repository\" \/>\n<meta property=\"og:description\" content=\"P\u00e1gina de apertura del repositorio de archivos CIDOC -\" \/>\n<meta property=\"og:url\" content=\"https:\/\/cidoc-data.org\/\" \/>\n<meta property=\"og:site_name\" content=\"CIDOC File Repository\" \/>\n<meta property=\"article:publisher\" content=\"https:\/\/www.facebook.com\/icom.cidoc\/\" \/>\n<meta property=\"article:modified_time\" content=\"2021-01-26T06:56:47+00:00\" \/>\n<meta name=\"twitter:card\" content=\"summary_large_image\" \/>\n<meta name=\"twitter:site\" content=\"@icomCIDOC\" \/>\n<meta name=\"twitter:label1\" content=\"Dur\u00e9e de lecture estim\u00e9e\" \/>\n\t<meta name=\"twitter:data1\" content=\"1 minute\" \/>\n<script type=\"application\/ld+json\" class=\"yoast-schema-graph\">{\"@context\":\"https:\\\/\\\/schema.org\",\"@graph\":[{\"@type\":\"WebPage\",\"@id\":\"https:\\\/\\\/cidoc-data.org\\\/\",\"url\":\"https:\\\/\\\/cidoc-data.org\\\/\",\"name\":\"Welcome to the CIDOC File Repository - CIDOC File Repository\",\"isPartOf\":{\"@id\":\"https:\\\/\\\/cidoc-data.org\\\/#website\"},\"datePublished\":\"2021-01-24T12:52:30+00:00\",\"dateModified\":\"2021-01-26T06:56:47+00:00\",\"description\":\"P\u00e1gina de apertura del repositorio de archivos CIDOC -\",\"breadcrumb\":{\"@id\":\"https:\\\/\\\/cidoc-data.org\\\/#breadcrumb\"},\"inLanguage\":\"fr-FR\",\"potentialAction\":[{\"@type\":\"ReadAction\",\"target\":[\"https:\\\/\\\/cidoc-data.org\\\/\"]}]},{\"@type\":\"BreadcrumbList\",\"@id\":\"https:\\\/\\\/cidoc-data.org\\\/#breadcrumb\",\"itemListElement\":[{\"@type\":\"ListItem\",\"position\":1,\"name\":\"Home\",\"item\":\"https:\\\/\\\/cidoc-data.org\\\/\"},{\"@type\":\"ListItem\",\"position\":2,\"name\":\"Welcome to the CIDOC File Repository\"}]},{\"@type\":\"WebSite\",\"@id\":\"https:\\\/\\\/cidoc-data.org\\\/#website\",\"url\":\"https:\\\/\\\/cidoc-data.org\\\/\",\"name\":\"CIDOC File Repository\",\"description\":\"Museum Documentation for everybody\",\"publisher\":{\"@id\":\"https:\\\/\\\/cidoc-data.org\\\/#organization\"},\"potentialAction\":[{\"@type\":\"SearchAction\",\"target\":{\"@type\":\"EntryPoint\",\"urlTemplate\":\"https:\\\/\\\/cidoc-data.org\\\/?s={search_term_string}\"},\"query-input\":{\"@type\":\"PropertyValueSpecification\",\"valueRequired\":true,\"valueName\":\"search_term_string\"}}],\"inLanguage\":\"fr-FR\"},{\"@type\":\"Organization\",\"@id\":\"https:\\\/\\\/cidoc-data.org\\\/#organization\",\"name\":\"CIDOC\",\"url\":\"https:\\\/\\\/cidoc-data.org\\\/\",\"logo\":{\"@type\":\"ImageObject\",\"inLanguage\":\"fr-FR\",\"@id\":\"https:\\\/\\\/cidoc-data.org\\\/#\\\/schema\\\/logo\\\/image\\\/\",\"url\":\"https:\\\/\\\/i1.wp.com\\\/cidoc-data.org\\\/wp-content\\\/uploads\\\/2021\\\/01\\\/M-Logo.png?fit=149%2C149&ssl=1\",\"contentUrl\":\"https:\\\/\\\/i1.wp.com\\\/cidoc-data.org\\\/wp-content\\\/uploads\\\/2021\\\/01\\\/M-Logo.png?fit=149%2C149&ssl=1\",\"width\":149,\"height\":149,\"caption\":\"CIDOC\"},\"image\":{\"@id\":\"https:\\\/\\\/cidoc-data.org\\\/#\\\/schema\\\/logo\\\/image\\\/\"},\"sameAs\":[\"https:\\\/\\\/www.facebook.com\\\/icom.cidoc\\\/\",\"https:\\\/\\\/x.com\\\/icomCIDOC\",\"http:\\\/\\\/www.linkedin.com\\\/groups\\\/811107\",\"https:\\\/\\\/www.youtube.com\\\/channel\\\/UC3a6PWO8sLCGUE-w91rQGFQ\",\"https:\\\/\\\/en.wikipedia.org\\\/wiki\\\/International_Council_of_Museums\"]}]}<\/script>\n<!-- \/ Yoast SEO plugin. -->","yoast_head_json":{"title":"Welcome to the CIDOC File Repository - CIDOC File Repository","description":"P\u00e1gina de apertura del repositorio de archivos CIDOC -","robots":{"index":"index","follow":"follow","max-snippet":"max-snippet:-1","max-image-preview":"max-image-preview:large","max-video-preview":"max-video-preview:-1"},"canonical":"https:\/\/cidoc-data.org\/","og_locale":"fr_FR","og_type":"article","og_title":"Welcome to the CIDOC File Repository - CIDOC File Repository","og_description":"P\u00e1gina de apertura del repositorio de archivos CIDOC -","og_url":"https:\/\/cidoc-data.org\/","og_site_name":"CIDOC File Repository","article_publisher":"https:\/\/www.facebook.com\/icom.cidoc\/","article_modified_time":"2021-01-26T06:56:47+00:00","twitter_card":"summary_large_image","twitter_site":"@icomCIDOC","twitter_misc":{"Dur\u00e9e de lecture estim\u00e9e":"1 minute"},"schema":{"@context":"https:\/\/schema.org","@graph":[{"@type":"WebPage","@id":"https:\/\/cidoc-data.org\/","url":"https:\/\/cidoc-data.org\/","name":"Welcome to the CIDOC File Repository - CIDOC File Repository","isPartOf":{"@id":"https:\/\/cidoc-data.org\/#website"},"datePublished":"2021-01-24T12:52:30+00:00","dateModified":"2021-01-26T06:56:47+00:00","description":"P\u00e1gina de apertura del repositorio de archivos CIDOC -","breadcrumb":{"@id":"https:\/\/cidoc-data.org\/#breadcrumb"},"inLanguage":"fr-FR","potentialAction":[{"@type":"ReadAction","target":["https:\/\/cidoc-data.org\/"]}]},{"@type":"BreadcrumbList","@id":"https:\/\/cidoc-data.org\/#breadcrumb","itemListElement":[{"@type":"ListItem","position":1,"name":"Home","item":"https:\/\/cidoc-data.org\/"},{"@type":"ListItem","position":2,"name":"Welcome to the CIDOC File Repository"}]},{"@type":"WebSite","@id":"https:\/\/cidoc-data.org\/#website","url":"https:\/\/cidoc-data.org\/","name":"CIDOC File Repository","description":"Museum Documentation for everybody","publisher":{"@id":"https:\/\/cidoc-data.org\/#organization"},"potentialAction":[{"@type":"SearchAction","target":{"@type":"EntryPoint","urlTemplate":"https:\/\/cidoc-data.org\/?s={search_term_string}"},"query-input":{"@type":"PropertyValueSpecification","valueRequired":true,"valueName":"search_term_string"}}],"inLanguage":"fr-FR"},{"@type":"Organization","@id":"https:\/\/cidoc-data.org\/#organization","name":"CIDOC","url":"https:\/\/cidoc-data.org\/","logo":{"@type":"ImageObject","inLanguage":"fr-FR","@id":"https:\/\/cidoc-data.org\/#\/schema\/logo\/image\/","url":"https:\/\/i1.wp.com\/cidoc-data.org\/wp-content\/uploads\/2021\/01\/M-Logo.png?fit=149%2C149&ssl=1","contentUrl":"https:\/\/i1.wp.com\/cidoc-data.org\/wp-content\/uploads\/2021\/01\/M-Logo.png?fit=149%2C149&ssl=1","width":149,"height":149,"caption":"CIDOC"},"image":{"@id":"https:\/\/cidoc-data.org\/#\/schema\/logo\/image\/"},"sameAs":["https:\/\/www.facebook.com\/icom.cidoc\/","https:\/\/x.com\/icomCIDOC","http:\/\/www.linkedin.com\/groups\/811107","https:\/\/www.youtube.com\/channel\/UC3a6PWO8sLCGUE-w91rQGFQ","https:\/\/en.wikipedia.org\/wiki\/International_Council_of_Museums"]}]}},"jetpack_sharing_enabled":true,"_links":{"self":[{"href":"https:\/\/cidoc-data.org\/fr\/wp-json\/wp\/v2\/pages\/4","targetHints":{"allow":["GET"]}}],"collection":[{"href":"https:\/\/cidoc-data.org\/fr\/wp-json\/wp\/v2\/pages"}],"about":[{"href":"https:\/\/cidoc-data.org\/fr\/wp-json\/wp\/v2\/types\/page"}],"author":[{"embeddable":true,"href":"https:\/\/cidoc-data.org\/fr\/wp-json\/wp\/v2\/users\/1"}],"replies":[{"embeddable":true,"href":"https:\/\/cidoc-data.org\/fr\/wp-json\/wp\/v2\/comments?post=4"}],"version-history":[{"count":0,"href":"https:\/\/cidoc-data.org\/fr\/wp-json\/wp\/v2\/pages\/4\/revisions"}],"wp:attachment":[{"href":"https:\/\/cidoc-data.org\/fr\/wp-json\/wp\/v2\/media?parent=4"}],"curies":[{"name":"wp","href":"https:\/\/api.w.org\/{rel}","templated":true}]}}